{"id":54424,"date":"2023-10-26T13:48:08","date_gmt":"2023-10-26T13:48:08","guid":{"rendered":"https:\/\/escuela.9ideas.net\/?page_id=54424"},"modified":"2025-10-31T20:32:32","modified_gmt":"2025-10-31T20:32:32","slug":"politica-de-reembolsos","status":"publish","type":"page","link":"https:\/\/escuela.9ideas.net\/?page_id=54424","title":{"rendered":"Pol\u00edtica de reembolsos"},"content":{"rendered":"\n<p><strong>Pol\u00edtica de Reembolsos<\/strong><\/p>\n\n\n\n<p><strong>Raz\u00f3n Social:<\/strong> GUAZU SAS, CUIT: 30-71660885-5<\/p>\n\n\n\n<p><strong>Facturaci\u00f3n de Compras:<\/strong> Todas las compras realizadas por los usuarios en nuestros sitios web ser\u00e1n facturadas seg\u00fan la condici\u00f3n fiscal del consumidor por GUAZU SAS. Los usuarios deber\u00e1n solicitar la factura correspondiente por su compra.<\/p>\n\n\n\n<p><strong>Garant\u00eda de Devoluci\u00f3n de Dinero:<\/strong> Nuestra pol\u00edtica de reembolsos garantiza la devoluci\u00f3n del dinero por la compra, siempre y cuando la solicitud de cancelaci\u00f3n de la compra se realice dentro de los 7 d\u00edas posteriores a la misma. Pasado este plazo, GUAZU SAS no realizar\u00e1 ning\u00fan reintegro.<\/p>\n\n\n\n<p><strong>Tiempo de Reembolso:<\/strong><\/p>\n\n\n\n<ul class=\"wp-block-list\">\n<li>En el caso de transferencias bancarias, el reembolso ser\u00e1 inmediato.<\/li>\n\n\n\n<li>En el caso de plataformas o billeteras virtuales, el tiempo de reembolso depender\u00e1 de las pol\u00edticas de procesamiento de cada plataforma.<\/li>\n<\/ul>\n\n\n\n<p><strong>Nota de Cr\u00e9dito:<\/strong> Cuando se realice el reembolso de una compra, GUAZU SAS emitir\u00e1 una nota de cr\u00e9dito que dar\u00e1 por cancelada la factura emitida con la compra. La nota de cr\u00e9dito reflejar\u00e1 el importe devuelto al usuario.<\/p>\n\n\n\n<p><strong>Excepci\u00f3n a la Pol\u00edtica de Devoluci\u00f3n:<\/strong> En caso de que el usuario haya completado un curso en su totalidad dentro de los 7 d\u00edas de la garant\u00eda de devoluci\u00f3n, obteniendo un certificado de finalizaci\u00f3n, GUAZU SAS no realizar\u00e1 el reintegro. Consideramos que el usuario estar\u00eda abusando de nuestra buena fe al utilizar por completo el servicio y, al obtener un certificado, demuestra su satisfacci\u00f3n con el mismo.<\/p>\n\n\n\n<p><strong>Cambio de Curso:<\/strong> Adem\u00e1s de la pol\u00edtica de reembolsos, ofrecemos la opci\u00f3n de cambio de curso. Los usuarios pueden optar por elegir otro curso en caso de que el curso inicialmente adquirido no haya satisfecho sus necesidades. El usuario puede solicitar el cambio dentro del plazo de 7 d\u00edas desde la compra original.<\/p>\n\n\n\n<p>Esta pol\u00edtica de reembolsos est\u00e1 dise\u00f1ada para garantizar una experiencia justa y satisfactoria para nuestros usuarios. Cualquier consulta o solicitud relacionada con esta pol\u00edtica de reembolsos puede ser dirigida a 9ideas.net@gmail.com<\/p>\n","protected":false},"excerpt":{"rendered":"<p>Pol\u00edtica de Reembolsos Raz\u00f3n Social: GUAZU SAS, CUIT: 30-71660885-5 Facturaci\u00f3n de Compras: Todas las compras realizadas por los usuarios en nuestros sitios web ser\u00e1n facturadas seg\u00fan la condici\u00f3n fiscal del consumidor por GUAZU SAS. Los usuarios deber\u00e1n solicitar la factura correspondiente por su compra. Garant\u00eda de Devoluci\u00f3n de Dinero: Nuestra pol\u00edtica de reembolsos garantiza la [&hellip;]<\/p>\n","protected":false},"author":5455,"featured_media":0,"parent":0,"menu_order":0,"comment_status":"closed","ping_status":"closed","template":"","meta":{"om_disable_all_campaigns":false,"_monsterinsights_skip_tracking":false,"_monsterinsights_sitenote_active":false,"_monsterinsights_sitenote_note":"","_monsterinsights_sitenote_category":0,"site-sidebar-layout":"default","site-content-layout":"","ast-site-content-layout":"default","site-content-style":"default","site-sidebar-style":"default","ast-global-header-display":"","ast-banner-title-visibility":"","ast-main-header-display":"","ast-hfb-above-header-display":"","ast-hfb-below-header-display":"","ast-hfb-mobile-header-display":"","site-post-title":"","ast-breadcrumbs-content":"","ast-featured-img":"","footer-sml-layout":"","ast-disable-related-posts":"","theme-transparent-header-meta":"","adv-header-id-meta":"","stick-header-meta":"","header-above-stick-meta":"","header-main-stick-meta":"","header-below-stick-meta":"","astra-migrate-meta-layouts":"set","ast-page-background-enabled":"default","ast-page-background-meta":{"desktop":{"background-color":"","background-image":"","background-repeat":"repeat","background-position":"center center","background-size":"auto","background-attachment":"scroll","background-type":"","background-media":"","overlay-type":"","overlay-color":"","overlay-opacity":"","overlay-gradient":""},"tablet":{"background-color":"","background-image":"","background-repeat":"repeat","background-position":"center center","background-size":"auto","background-attachment":"scroll","background-type":"","background-media":"","overlay-type":"","overlay-color":"","overlay-opacity":"","overlay-gradient":""},"mobile":{"background-color":"","background-image":"","background-repeat":"repeat","background-position":"center center","background-size":"auto","background-attachment":"scroll","background-type":"","background-media":"","overlay-type":"","overlay-color":"","overlay-opacity":"","overlay-gradient":""}},"ast-content-background-meta":{"desktop":{"background-color":"var(--ast-global-color-5)","background-image":"","background-repeat":"repeat","background-position":"center center","background-size":"auto","background-attachment":"scroll","background-type":"","background-media":"","overlay-type":"","overlay-color":"","overlay-opacity":"","overlay-gradient":""},"tablet":{"background-color":"var(--ast-global-color-5)","background-image":"","background-repeat":"repeat","background-position":"center center","background-size":"auto","background-attachment":"scroll","background-type":"","background-media":"","overlay-type":"","overlay-color":"","overlay-opacity":"","overlay-gradient":""},"mobile":{"background-color":"var(--ast-global-color-5)","background-image":"","background-repeat":"repeat","background-position":"center center","background-size":"auto","background-attachment":"scroll","background-type":"","background-media":"","overlay-type":"","overlay-color":"","overlay-opacity":"","overlay-gradient":""}},"footnotes":""},"class_list":["post-54424","page","type-page","status-publish","hentry"],"aioseo_notices":[],"_links":{"self":[{"href":"https:\/\/escuela.9ideas.net\/index.php?rest_route=\/wp\/v2\/pages\/54424","targetHints":{"allow":["GET"]}}],"collection":[{"href":"https:\/\/escuela.9ideas.net\/index.php?rest_route=\/wp\/v2\/pages"}],"about":[{"href":"https:\/\/escuela.9ideas.net\/index.php?rest_route=\/wp\/v2\/types\/page"}],"author":[{"embeddable":true,"href":"https:\/\/escuela.9ideas.net\/index.php?rest_route=\/wp\/v2\/users\/5455"}],"replies":[{"embeddable":true,"href":"https:\/\/escuela.9ideas.net\/index.php?rest_route=%2Fwp%2Fv2%2Fcomments&post=54424"}],"version-history":[{"count":3,"href":"https:\/\/escuela.9ideas.net\/index.php?rest_route=\/wp\/v2\/pages\/54424\/revisions"}],"predecessor-version":[{"id":113094,"href":"https:\/\/escuela.9ideas.net\/index.php?rest_route=\/wp\/v2\/pages\/54424\/revisions\/113094"}],"wp:attachment":[{"href":"https:\/\/escuela.9ideas.net\/index.php?rest_route=%2Fwp%2Fv2%2Fmedia&parent=54424"}],"curies":[{"name":"wp","href":"https:\/\/api.w.org\/{rel}","templated":true}]}}