{"id":104139,"date":"2025-03-09T21:00:08","date_gmt":"2025-03-09T21:00:08","guid":{"rendered":"https:\/\/escuela.9ideas.net\/?post_type=product&#038;p=104139"},"modified":"2025-03-19T00:39:20","modified_gmt":"2025-03-19T00:39:20","slug":"excel-desde-cero","status":"publish","type":"product","link":"https:\/\/escuela.9ideas.net\/?product=excel-desde-cero","title":{"rendered":"Excel desde Cero"},"content":{"rendered":"<p>Con este curso aprender\u00e1s, de cero a cien, las funciones fundamentales de la hoja de c\u00e1lculos m\u00e1s utilizada en el mundo. Adquirir\u00e1s los conocimientos para poder trabajar con datos, realizar funciones y operaciones.<\/p>\n<p><strong>Al finalizar el curso podr\u00e1s<\/strong><br \/>\n&#8211; Conocer las funciones b\u00e1sicas de Excel.<br \/>\n&#8211; Trabajar transformando datos.<br \/>\n&#8211; Crear tablas din\u00e1micas.<br \/>\n&#8211; Crear gr\u00e1ficos.<br \/>\n&#8211; Realizar funciones a gran escala.<br \/>\n&#8211; Ahorrar tiempo transformando la hoja de c\u00e1lculo de Excel en tu principal aliado.<\/p>\n","protected":false},"excerpt":{"rendered":"<p>Con este curso aprender\u00e1s, de cero a cien, las funciones fundamentales de la hoja de c\u00e1lculos m\u00e1s utilizada en el mundo. Adquirir\u00e1s los conocimientos para poder trabajar con datos, realizar funciones y operaciones.<\/p>\n","protected":false},"featured_media":25457,"template":"","meta":{"om_disable_all_campaigns":false,"_monsterinsights_skip_tracking":false,"_monsterinsights_sitenote_active":false,"_monsterinsights_sitenote_note":"","_monsterinsights_sitenote_category":0,"site-sidebar-layout":"default","site-content-layout":"","ast-site-content-layout":"default","site-content-style":"default","site-sidebar-style":"default","ast-global-header-display":"","ast-banner-title-visibility":"","ast-main-header-display":"","ast-hfb-above-header-display":"","ast-hfb-below-header-display":"","ast-hfb-mobile-header-display":"","site-post-title":"","ast-breadcrumbs-content":"","ast-featured-img":"","footer-sml-layout":"","ast-disable-related-posts":"","theme-transparent-header-meta":"default","adv-header-id-meta":"","stick-header-meta":"default","header-above-stick-meta":"","header-main-stick-meta":"","header-below-stick-meta":"","astra-migrate-meta-layouts":"set","ast-page-background-enabled":"default","ast-page-background-meta":{"desktop":{"background-color":"","background-image":"","background-repeat":"repeat","background-position":"center center","background-size":"auto","background-attachment":"scroll","background-type":"","background-media":"","overlay-type":"","overlay-color":"","overlay-opacity":"","overlay-gradient":""},"tablet":{"background-color":"","background-image":"","background-repeat":"repeat","background-position":"center center","background-size":"auto","background-attachment":"scroll","background-type":"","background-media":"","overlay-type":"","overlay-color":"","overlay-opacity":"","overlay-gradient":""},"mobile":{"background-color":"","background-image":"","background-repeat":"repeat","background-position":"center center","background-size":"auto","background-attachment":"scroll","background-type":"","background-media":"","overlay-type":"","overlay-color":"","overlay-opacity":"","overlay-gradient":""}},"ast-content-background-meta":{"desktop":{"background-color":"var(--ast-global-color-5)","background-image":"","background-repeat":"repeat","background-position":"center center","background-size":"auto","background-attachment":"scroll","background-type":"","background-media":"","overlay-type":"","overlay-color":"","overlay-opacity":"","overlay-gradient":""},"tablet":{"background-color":"var(--ast-global-color-5)","background-image":"","background-repeat":"repeat","background-position":"center center","background-size":"auto","background-attachment":"scroll","background-type":"","background-media":"","overlay-type":"","overlay-color":"","overlay-opacity":"","overlay-gradient":""},"mobile":{"background-color":"var(--ast-global-color-5)","background-image":"","background-repeat":"repeat","background-position":"center center","background-size":"auto","background-attachment":"scroll","background-type":"","background-media":"","overlay-type":"","overlay-color":"","overlay-opacity":"","overlay-gradient":""}}},"product_brand":[],"product_cat":[50,51],"product_tag":[],"class_list":{"0":"post-104139","1":"product","2":"type-product","3":"status-publish","4":"has-post-thumbnail","6":"product_cat-datos","7":"product_cat-office","8":"desktop-align-left","9":"tablet-align-left","10":"mobile-align-left","11":"ast-product-gallery-layout-horizontal-slider","12":"ast-product-gallery-with-no-image","13":"ast-magnify-disabled","14":"ast-product-tabs-layout-horizontal","16":"first","17":"instock","18":"virtual","19":"sold-individually","20":"purchasable","21":"product-type-course"},"aioseo_notices":[],"_links":{"self":[{"href":"https:\/\/escuela.9ideas.net\/index.php?rest_route=\/wp\/v2\/product\/104139","targetHints":{"allow":["GET"]}}],"collection":[{"href":"https:\/\/escuela.9ideas.net\/index.php?rest_route=\/wp\/v2\/product"}],"about":[{"href":"https:\/\/escuela.9ideas.net\/index.php?rest_route=\/wp\/v2\/types\/product"}],"wp:featuredmedia":[{"embeddable":true,"href":"https:\/\/escuela.9ideas.net\/index.php?rest_route=\/wp\/v2\/media\/25457"}],"wp:attachment":[{"href":"https:\/\/escuela.9ideas.net\/index.php?rest_route=%2Fwp%2Fv2%2Fmedia&parent=104139"}],"wp:term":[{"taxonomy":"product_brand","embeddable":true,"href":"https:\/\/escuela.9ideas.net\/index.php?rest_route=%2Fwp%2Fv2%2Fproduct_brand&post=104139"},{"taxonomy":"product_cat","embeddable":true,"href":"https:\/\/escuela.9ideas.net\/index.php?rest_route=%2Fwp%2Fv2%2Fproduct_cat&post=104139"},{"taxonomy":"product_tag","embeddable":true,"href":"https:\/\/escuela.9ideas.net\/index.php?rest_route=%2Fwp%2Fv2%2Fproduct_tag&post=104139"}],"curies":[{"name":"wp","href":"https:\/\/api.w.org\/{rel}","templated":true}]}}