{"id":105145,"date":"2025-03-20T14:02:26","date_gmt":"2025-03-20T14:02:26","guid":{"rendered":"https:\/\/escuela.9ideas.net\/?post_type=product&#038;p=105145"},"modified":"2025-03-20T14:02:26","modified_gmt":"2025-03-20T14:02:26","slug":"ecommerce-desde-cero","status":"publish","type":"product","link":"https:\/\/escuela.9ideas.net\/?product=ecommerce-desde-cero","title":{"rendered":"Ecommerce desde Cero"},"content":{"rendered":"<p>Con este curso adquirir\u00e1s herramientas para crear y desarrollar un negocio digital. Partir\u00e1s desde los conceptos b\u00e1sicos del comercio electronico, hasta conocer los criterios necesarios para una correcta elecci\u00f3n de la plataforma.<\/p>\n","protected":false},"excerpt":{"rendered":"<p><strong>Al finalizar el curso podr\u00e1s<\/strong><br \/>\n&#8211; Crear y gestionar un negocio en l\u00ednea exitoso.<br \/>\n&#8211; Dise\u00f1ar y configurar una tienda virtual atractiva y f\u00e1cil de usar.<br \/>\n&#8211; Implementar estrategias de marketing en l\u00ednea y atenci\u00f3n al cliente efectivas.<br \/>\n&#8211; Gestionar el inventario y procesar pedidos de manera eficiente.<br \/>\n&#8211; Garantizar la satisfacci\u00f3n del cliente a trav\u00e9s de una buena log\u00edstica y pol\u00edticas de env\u00edo y devoluci\u00f3n.<br \/>\n&#8211; Tomar decisiones basadas en el analisis de datos de la tienda.<\/p>\n","protected":false},"featured_media":26534,"template":"","meta":{"om_disable_all_campaigns":false,"_monsterinsights_skip_tracking":false,"_monsterinsights_sitenote_active":false,"_monsterinsights_sitenote_note":"","_monsterinsights_sitenote_category":0,"site-sidebar-layout":"default","site-content-layout":"","ast-site-content-layout":"default","site-content-style":"default","site-sidebar-style":"default","ast-global-header-display":"","ast-banner-title-visibility":"","ast-main-header-display":"","ast-hfb-above-header-display":"","ast-hfb-below-header-display":"","ast-hfb-mobile-header-display":"","site-post-title":"","ast-breadcrumbs-content":"","ast-featured-img":"","footer-sml-layout":"","ast-disable-related-posts":"","theme-transparent-header-meta":"default","adv-header-id-meta":"","stick-header-meta":"default","header-above-stick-meta":"","header-main-stick-meta":"","header-below-stick-meta":"","astra-migrate-meta-layouts":"set","ast-page-background-enabled":"default","ast-page-background-meta":{"desktop":{"background-color":"","background-image":"","background-repeat":"repeat","background-position":"center center","background-size":"auto","background-attachment":"scroll","background-type":"","background-media":"","overlay-type":"","overlay-color":"","overlay-opacity":"","overlay-gradient":""},"tablet":{"background-color":"","background-image":"","background-repeat":"repeat","background-position":"center center","background-size":"auto","background-attachment":"scroll","background-type":"","background-media":"","overlay-type":"","overlay-color":"","overlay-opacity":"","overlay-gradient":""},"mobile":{"background-color":"","background-image":"","background-repeat":"repeat","background-position":"center center","background-size":"auto","background-attachment":"scroll","background-type":"","background-media":"","overlay-type":"","overlay-color":"","overlay-opacity":"","overlay-gradient":""}},"ast-content-background-meta":{"desktop":{"background-color":"var(--ast-global-color-5)","background-image":"","background-repeat":"repeat","background-position":"center center","background-size":"auto","background-attachment":"scroll","background-type":"","background-media":"","overlay-type":"","overlay-color":"","overlay-opacity":"","overlay-gradient":""},"tablet":{"background-color":"var(--ast-global-color-5)","background-image":"","background-repeat":"repeat","background-position":"center center","background-size":"auto","background-attachment":"scroll","background-type":"","background-media":"","overlay-type":"","overlay-color":"","overlay-opacity":"","overlay-gradient":""},"mobile":{"background-color":"var(--ast-global-color-5)","background-image":"","background-repeat":"repeat","background-position":"center center","background-size":"auto","background-attachment":"scroll","background-type":"","background-media":"","overlay-type":"","overlay-color":"","overlay-opacity":"","overlay-gradient":""}}},"product_brand":[],"product_cat":[58,49,51,54],"product_tag":[],"class_list":{"0":"post-105145","1":"product","2":"type-product","3":"status-publish","4":"has-post-thumbnail","6":"product_cat-empresas","7":"product_cat-marketing","8":"product_cat-office","9":"product_cat-ventas","10":"desktop-align-left","11":"tablet-align-left","12":"mobile-align-left","13":"ast-product-gallery-layout-horizontal-slider","14":"ast-product-gallery-with-no-image","15":"ast-magnify-disabled","16":"ast-product-tabs-layout-horizontal","18":"first","19":"instock","20":"virtual","21":"sold-individually","22":"purchasable","23":"product-type-course"},"aioseo_notices":[],"_links":{"self":[{"href":"https:\/\/escuela.9ideas.net\/index.php?rest_route=\/wp\/v2\/product\/105145","targetHints":{"allow":["GET"]}}],"collection":[{"href":"https:\/\/escuela.9ideas.net\/index.php?rest_route=\/wp\/v2\/product"}],"about":[{"href":"https:\/\/escuela.9ideas.net\/index.php?rest_route=\/wp\/v2\/types\/product"}],"wp:featuredmedia":[{"embeddable":true,"href":"https:\/\/escuela.9ideas.net\/index.php?rest_route=\/wp\/v2\/media\/26534"}],"wp:attachment":[{"href":"https:\/\/escuela.9ideas.net\/index.php?rest_route=%2Fwp%2Fv2%2Fmedia&parent=105145"}],"wp:term":[{"taxonomy":"product_brand","embeddable":true,"href":"https:\/\/escuela.9ideas.net\/index.php?rest_route=%2Fwp%2Fv2%2Fproduct_brand&post=105145"},{"taxonomy":"product_cat","embeddable":true,"href":"https:\/\/escuela.9ideas.net\/index.php?rest_route=%2Fwp%2Fv2%2Fproduct_cat&post=105145"},{"taxonomy":"product_tag","embeddable":true,"href":"https:\/\/escuela.9ideas.net\/index.php?rest_route=%2Fwp%2Fv2%2Fproduct_tag&post=105145"}],"curies":[{"name":"wp","href":"https:\/\/api.w.org\/{rel}","templated":true}]}}