{"id":105169,"date":"2025-03-20T17:03:35","date_gmt":"2025-03-20T17:03:35","guid":{"rendered":"https:\/\/escuela.9ideas.net\/?post_type=product&#038;p=105169"},"modified":"2026-03-09T13:36:15","modified_gmt":"2026-03-09T13:36:15","slug":"email-marketing-automation","status":"publish","type":"product","link":"https:\/\/escuela.9ideas.net\/?product=email-marketing-automation","title":{"rendered":"Email Marketing Automation"},"content":{"rendered":"<p>Con este curso vas a aprender a crear campa\u00f1as de e-mail marketing para captar, retener y fidelizar a una audiencia, creando tu propia base de datos y manteniendo un contacto permanente y m\u00e1s fiel con las personas a trav\u00e9s de e-mail.<\/p>\n","protected":false},"excerpt":{"rendered":"<p><strong>\u00bfPor que hacerlo?<\/strong><br \/>\nContar con un canal alternativo, adem\u00e1s de las redes sociales, para estar en contacto con tus clientes te da independencia: pod\u00e9s comunicar a tu propia base de datos sin depender de terceros.<\/p>\n<p><strong>Una herramienta con muchas bondades<\/strong><\/p>\n<p><strong>\u00bfQu\u00e9 vas a aprender?<\/strong><br \/>\nAdem\u00e1s de ser mucho m\u00e1s econ\u00f3mico que invertir en cualquier otro tipo de publicidad digital, el e-mail Marketing te permitir\u00e1<br \/>\ngenerar env\u00edos de manera automatizada a trav\u00e9s de inteligencia artificial.<\/p>\n<p>En este curso vas a aprender a crear campa\u00f1as de e-mail, para poder enviar correos a una base de datos, como as\u00ed tambi\u00e9n a automatizar esos env\u00edos por comportamiento o acci\u00f3n, a trav\u00e9s de la poderosa herramienta de AUTOMATION de Doppler.<\/p>\n","protected":false},"featured_media":26533,"template":"","meta":{"om_disable_all_campaigns":false,"_monsterinsights_skip_tracking":false,"_monsterinsights_sitenote_active":false,"_monsterinsights_sitenote_note":"","_monsterinsights_sitenote_category":0,"site-sidebar-layout":"default","site-content-layout":"","ast-site-content-layout":"default","site-content-style":"default","site-sidebar-style":"default","ast-global-header-display":"","ast-banner-title-visibility":"","ast-main-header-display":"","ast-hfb-above-header-display":"","ast-hfb-below-header-display":"","ast-hfb-mobile-header-display":"","site-post-title":"","ast-breadcrumbs-content":"","ast-featured-img":"","footer-sml-layout":"","ast-disable-related-posts":"","theme-transparent-header-meta":"default","adv-header-id-meta":"","stick-header-meta":"default","header-above-stick-meta":"","header-main-stick-meta":"","header-below-stick-meta":"","astra-migrate-meta-layouts":"set","ast-page-background-enabled":"default","ast-page-background-meta":{"desktop":{"background-color":"","background-image":"","background-repeat":"repeat","background-position":"center center","background-size":"auto","background-attachment":"scroll","background-type":"","background-media":"","overlay-type":"","overlay-color":"","overlay-opacity":"","overlay-gradient":""},"tablet":{"background-color":"","background-image":"","background-repeat":"repeat","background-position":"center center","background-size":"auto","background-attachment":"scroll","background-type":"","background-media":"","overlay-type":"","overlay-color":"","overlay-opacity":"","overlay-gradient":""},"mobile":{"background-color":"","background-image":"","background-repeat":"repeat","background-position":"center center","background-size":"auto","background-attachment":"scroll","background-type":"","background-media":"","overlay-type":"","overlay-color":"","overlay-opacity":"","overlay-gradient":""}},"ast-content-background-meta":{"desktop":{"background-color":"var(--ast-global-color-5)","background-image":"","background-repeat":"repeat","background-position":"center center","background-size":"auto","background-attachment":"scroll","background-type":"","background-media":"","overlay-type":"","overlay-color":"","overlay-opacity":"","overlay-gradient":""},"tablet":{"background-color":"var(--ast-global-color-5)","background-image":"","background-repeat":"repeat","background-position":"center center","background-size":"auto","background-attachment":"scroll","background-type":"","background-media":"","overlay-type":"","overlay-color":"","overlay-opacity":"","overlay-gradient":""},"mobile":{"background-color":"var(--ast-global-color-5)","background-image":"","background-repeat":"repeat","background-position":"center center","background-size":"auto","background-attachment":"scroll","background-type":"","background-media":"","overlay-type":"","overlay-color":"","overlay-opacity":"","overlay-gradient":""}}},"product_brand":[],"product_cat":[50,49],"product_tag":[],"class_list":{"0":"post-105169","1":"product","2":"type-product","3":"status-publish","4":"has-post-thumbnail","6":"product_cat-datos","7":"product_cat-marketing","8":"desktop-align-left","9":"tablet-align-left","10":"mobile-align-left","11":"ast-product-gallery-layout-horizontal-slider","12":"ast-product-gallery-with-no-image","13":"ast-magnify-disabled","14":"ast-product-tabs-layout-horizontal","16":"first","17":"instock","18":"virtual","19":"sold-individually","20":"purchasable","21":"product-type-course"},"aioseo_notices":[],"_links":{"self":[{"href":"https:\/\/escuela.9ideas.net\/index.php?rest_route=\/wp\/v2\/product\/105169","targetHints":{"allow":["GET"]}}],"collection":[{"href":"https:\/\/escuela.9ideas.net\/index.php?rest_route=\/wp\/v2\/product"}],"about":[{"href":"https:\/\/escuela.9ideas.net\/index.php?rest_route=\/wp\/v2\/types\/product"}],"wp:featuredmedia":[{"embeddable":true,"href":"https:\/\/escuela.9ideas.net\/index.php?rest_route=\/wp\/v2\/media\/26533"}],"wp:attachment":[{"href":"https:\/\/escuela.9ideas.net\/index.php?rest_route=%2Fwp%2Fv2%2Fmedia&parent=105169"}],"wp:term":[{"taxonomy":"product_brand","embeddable":true,"href":"https:\/\/escuela.9ideas.net\/index.php?rest_route=%2Fwp%2Fv2%2Fproduct_brand&post=105169"},{"taxonomy":"product_cat","embeddable":true,"href":"https:\/\/escuela.9ideas.net\/index.php?rest_route=%2Fwp%2Fv2%2Fproduct_cat&post=105169"},{"taxonomy":"product_tag","embeddable":true,"href":"https:\/\/escuela.9ideas.net\/index.php?rest_route=%2Fwp%2Fv2%2Fproduct_tag&post=105169"}],"curies":[{"name":"wp","href":"https:\/\/api.w.org\/{rel}","templated":true}]}}