{"id":105185,"date":"2025-03-20T17:15:49","date_gmt":"2025-03-20T17:15:49","guid":{"rendered":"https:\/\/escuela.9ideas.net\/?post_type=product&#038;p=105185"},"modified":"2025-03-20T17:15:49","modified_gmt":"2025-03-20T17:15:49","slug":"criptomonedas-desde-cero","status":"publish","type":"product","link":"https:\/\/escuela.9ideas.net\/?product=criptomonedas-desde-cero","title":{"rendered":"Criptomonedas desde Cero"},"content":{"rendered":"<p>Con este curso aprender\u00e1s los aspectos b\u00e1sicos del funcionamiento de la tecnolog\u00eda blockchain y las criptomonedas.<br \/>\nEntender\u00e1s, con bases s\u00f3lidas, que es una criptomoneda y c\u00f3mo funciona una red descentralizada.\u00a0<em><strong>Este no es un curso de trading ni inversiones.<\/strong><\/em><\/p>\n","protected":false},"excerpt":{"rendered":"<p>Con este curso aprender\u00e1s los aspectos b\u00e1sicos del funcionamiento de la tecnolog\u00eda blockchain y las criptomonedas.<br \/>\nEntender\u00e1s, con bases s\u00f3lidas, que es una criptomoneda y c\u00f3mo funciona una red descentralizada.<\/p>\n<p>El ecosistema cripto es mucho m\u00e1s que especulaci\u00f3n financiera y en este curso conocer\u00e1s la magnitud de lo que representa esta innovaci\u00f3n disruptiva, pudiendo elegir con criterio de qu\u00e9 manera operar en \u00e9l.<\/p>\n<p><strong>Al finalizar el curso podr\u00e1s<\/strong><br \/>\n&#8211; Conocer el funcionamiento de la tecnolog\u00eda blockchain.<br \/>\n&#8211; Entender el disruptivo concepto de \u201cdescentralizaci\u00f3n\u201d.<br \/>\n&#8211; Elegir criptomonedas con criterio.<br \/>\n&#8211; Tener los conocimientos para operar con criptomonedas.<\/p>\n","protected":false},"featured_media":26632,"template":"","meta":{"om_disable_all_campaigns":false,"_monsterinsights_skip_tracking":false,"_monsterinsights_sitenote_active":false,"_monsterinsights_sitenote_note":"","_monsterinsights_sitenote_category":0,"site-sidebar-layout":"default","site-content-layout":"","ast-site-content-layout":"default","site-content-style":"default","site-sidebar-style":"default","ast-global-header-display":"","ast-banner-title-visibility":"","ast-main-header-display":"","ast-hfb-above-header-display":"","ast-hfb-below-header-display":"","ast-hfb-mobile-header-display":"","site-post-title":"","ast-breadcrumbs-content":"","ast-featured-img":"","footer-sml-layout":"","ast-disable-related-posts":"","theme-transparent-header-meta":"default","adv-header-id-meta":"","stick-header-meta":"default","header-above-stick-meta":"","header-main-stick-meta":"","header-below-stick-meta":"","astra-migrate-meta-layouts":"set","ast-page-background-enabled":"default","ast-page-background-meta":{"desktop":{"background-color":"","background-image":"","background-repeat":"repeat","background-position":"center center","background-size":"auto","background-attachment":"scroll","background-type":"","background-media":"","overlay-type":"","overlay-color":"","overlay-opacity":"","overlay-gradient":""},"tablet":{"background-color":"","background-image":"","background-repeat":"repeat","background-position":"center center","background-size":"auto","background-attachment":"scroll","background-type":"","background-media":"","overlay-type":"","overlay-color":"","overlay-opacity":"","overlay-gradient":""},"mobile":{"background-color":"","background-image":"","background-repeat":"repeat","background-position":"center center","background-size":"auto","background-attachment":"scroll","background-type":"","background-media":"","overlay-type":"","overlay-color":"","overlay-opacity":"","overlay-gradient":""}},"ast-content-background-meta":{"desktop":{"background-color":"var(--ast-global-color-5)","background-image":"","background-repeat":"repeat","background-position":"center center","background-size":"auto","background-attachment":"scroll","background-type":"","background-media":"","overlay-type":"","overlay-color":"","overlay-opacity":"","overlay-gradient":""},"tablet":{"background-color":"var(--ast-global-color-5)","background-image":"","background-repeat":"repeat","background-position":"center center","background-size":"auto","background-attachment":"scroll","background-type":"","background-media":"","overlay-type":"","overlay-color":"","overlay-opacity":"","overlay-gradient":""},"mobile":{"background-color":"var(--ast-global-color-5)","background-image":"","background-repeat":"repeat","background-position":"center center","background-size":"auto","background-attachment":"scroll","background-type":"","background-media":"","overlay-type":"","overlay-color":"","overlay-opacity":"","overlay-gradient":""}}},"product_brand":[],"product_cat":[50,58,51],"product_tag":[],"class_list":{"0":"post-105185","1":"product","2":"type-product","3":"status-publish","4":"has-post-thumbnail","6":"product_cat-datos","7":"product_cat-empresas","8":"product_cat-office","9":"desktop-align-left","10":"tablet-align-left","11":"mobile-align-left","12":"ast-product-gallery-layout-horizontal-slider","13":"ast-product-gallery-with-no-image","14":"ast-magnify-disabled","15":"ast-product-tabs-layout-horizontal","17":"first","18":"instock","19":"virtual","20":"sold-individually","21":"purchasable","22":"product-type-course"},"aioseo_notices":[],"_links":{"self":[{"href":"https:\/\/escuela.9ideas.net\/index.php?rest_route=\/wp\/v2\/product\/105185","targetHints":{"allow":["GET"]}}],"collection":[{"href":"https:\/\/escuela.9ideas.net\/index.php?rest_route=\/wp\/v2\/product"}],"about":[{"href":"https:\/\/escuela.9ideas.net\/index.php?rest_route=\/wp\/v2\/types\/product"}],"wp:featuredmedia":[{"embeddable":true,"href":"https:\/\/escuela.9ideas.net\/index.php?rest_route=\/wp\/v2\/media\/26632"}],"wp:attachment":[{"href":"https:\/\/escuela.9ideas.net\/index.php?rest_route=%2Fwp%2Fv2%2Fmedia&parent=105185"}],"wp:term":[{"taxonomy":"product_brand","embeddable":true,"href":"https:\/\/escuela.9ideas.net\/index.php?rest_route=%2Fwp%2Fv2%2Fproduct_brand&post=105185"},{"taxonomy":"product_cat","embeddable":true,"href":"https:\/\/escuela.9ideas.net\/index.php?rest_route=%2Fwp%2Fv2%2Fproduct_cat&post=105185"},{"taxonomy":"product_tag","embeddable":true,"href":"https:\/\/escuela.9ideas.net\/index.php?rest_route=%2Fwp%2Fv2%2Fproduct_tag&post=105185"}],"curies":[{"name":"wp","href":"https:\/\/api.w.org\/{rel}","templated":true}]}}