{"id":105193,"date":"2025-03-20T17:33:58","date_gmt":"2025-03-20T17:33:58","guid":{"rendered":"https:\/\/escuela.9ideas.net\/?post_type=product&#038;p=105193"},"modified":"2025-03-21T15:25:16","modified_gmt":"2025-03-21T15:25:16","slug":"desarrollo-web-en-html-y-css","status":"publish","type":"product","link":"https:\/\/escuela.9ideas.net\/?product=desarrollo-web-en-html-y-css","title":{"rendered":"Desarrollo Web en HTML y CSS"},"content":{"rendered":"<p>Con este curso aprender\u00e1s los fundamentos necesarios para crear y dise\u00f1ar sitios y aplicativos web est\u00e1ticos. Comenzar\u00e1s aprendiendo HTML, el lenguaje de marcado utilizado para estructurar el contenido de la p\u00e1gina, y luego avanzar\u00e1s a CSS, el lenguaje utilizado para dise\u00f1ar y estilizar la apariencia visual de la p\u00e1gina.<\/p>\n","protected":false},"excerpt":{"rendered":"<p>Con este curso de Desarrollo Web en HTML y CSS, aprender\u00e1s los fundamentos necesarios para crear y dise\u00f1ar p\u00e1ginas web est\u00e1ticas. Comenzar\u00e1s aprendiendo HTML, el lenguaje de marcado utilizado para estructurar el contenido de la p\u00e1gina, y luego avanzar\u00e1s a CSS, el lenguaje utilizado para dise\u00f1ar y estilizar la apariencia visual de la p\u00e1gina.<br \/>\nA lo largo del curso, explorar\u00e1s las etiquetas HTML esenciales, como encabezados, p\u00e1rrafos, listas y enlaces, y aprender\u00e1s a aplicar estilos CSS para modificar la apariencia de la p\u00e1gina, incluyendo colores, fuentes y dise\u00f1os de dise\u00f1o. Tambi\u00e9n cubrir\u00e1s<br \/>\ntemas importantes como la creaci\u00f3n de dise\u00f1os responsivos y el dise\u00f1o para dispositivos m\u00f3viles.<\/p>\n","protected":false},"featured_media":29336,"template":"","meta":{"om_disable_all_campaigns":false,"_monsterinsights_skip_tracking":false,"_monsterinsights_sitenote_active":false,"_monsterinsights_sitenote_note":"","_monsterinsights_sitenote_category":0,"site-sidebar-layout":"default","site-content-layout":"","ast-site-content-layout":"default","site-content-style":"default","site-sidebar-style":"default","ast-global-header-display":"","ast-banner-title-visibility":"","ast-main-header-display":"","ast-hfb-above-header-display":"","ast-hfb-below-header-display":"","ast-hfb-mobile-header-display":"","site-post-title":"","ast-breadcrumbs-content":"","ast-featured-img":"","footer-sml-layout":"","ast-disable-related-posts":"","theme-transparent-header-meta":"default","adv-header-id-meta":"","stick-header-meta":"default","header-above-stick-meta":"","header-main-stick-meta":"","header-below-stick-meta":"","astra-migrate-meta-layouts":"set","ast-page-background-enabled":"default","ast-page-background-meta":{"desktop":{"background-color":"","background-image":"","background-repeat":"repeat","background-position":"center center","background-size":"auto","background-attachment":"scroll","background-type":"","background-media":"","overlay-type":"","overlay-color":"","overlay-opacity":"","overlay-gradient":""},"tablet":{"background-color":"","background-image":"","background-repeat":"repeat","background-position":"center center","background-size":"auto","background-attachment":"scroll","background-type":"","background-media":"","overlay-type":"","overlay-color":"","overlay-opacity":"","overlay-gradient":""},"mobile":{"background-color":"","background-image":"","background-repeat":"repeat","background-position":"center center","background-size":"auto","background-attachment":"scroll","background-type":"","background-media":"","overlay-type":"","overlay-color":"","overlay-opacity":"","overlay-gradient":""}},"ast-content-background-meta":{"desktop":{"background-color":"var(--ast-global-color-5)","background-image":"","background-repeat":"repeat","background-position":"center center","background-size":"auto","background-attachment":"scroll","background-type":"","background-media":"","overlay-type":"","overlay-color":"","overlay-opacity":"","overlay-gradient":""},"tablet":{"background-color":"var(--ast-global-color-5)","background-image":"","background-repeat":"repeat","background-position":"center center","background-size":"auto","background-attachment":"scroll","background-type":"","background-media":"","overlay-type":"","overlay-color":"","overlay-opacity":"","overlay-gradient":""},"mobile":{"background-color":"var(--ast-global-color-5)","background-image":"","background-repeat":"repeat","background-position":"center center","background-size":"auto","background-attachment":"scroll","background-type":"","background-media":"","overlay-type":"","overlay-color":"","overlay-opacity":"","overlay-gradient":""}}},"product_brand":[],"product_cat":[55],"product_tag":[],"class_list":{"0":"post-105193","1":"product","2":"type-product","3":"status-publish","4":"has-post-thumbnail","6":"product_cat-programacion","7":"desktop-align-left","8":"tablet-align-left","9":"mobile-align-left","10":"ast-product-gallery-layout-horizontal-slider","11":"ast-product-gallery-with-no-image","12":"ast-magnify-disabled","13":"ast-product-tabs-layout-horizontal","15":"first","16":"instock","17":"virtual","18":"sold-individually","19":"purchasable","20":"product-type-course"},"aioseo_notices":[],"_links":{"self":[{"href":"https:\/\/escuela.9ideas.net\/index.php?rest_route=\/wp\/v2\/product\/105193","targetHints":{"allow":["GET"]}}],"collection":[{"href":"https:\/\/escuela.9ideas.net\/index.php?rest_route=\/wp\/v2\/product"}],"about":[{"href":"https:\/\/escuela.9ideas.net\/index.php?rest_route=\/wp\/v2\/types\/product"}],"wp:featuredmedia":[{"embeddable":true,"href":"https:\/\/escuela.9ideas.net\/index.php?rest_route=\/wp\/v2\/media\/29336"}],"wp:attachment":[{"href":"https:\/\/escuela.9ideas.net\/index.php?rest_route=%2Fwp%2Fv2%2Fmedia&parent=105193"}],"wp:term":[{"taxonomy":"product_brand","embeddable":true,"href":"https:\/\/escuela.9ideas.net\/index.php?rest_route=%2Fwp%2Fv2%2Fproduct_brand&post=105193"},{"taxonomy":"product_cat","embeddable":true,"href":"https:\/\/escuela.9ideas.net\/index.php?rest_route=%2Fwp%2Fv2%2Fproduct_cat&post=105193"},{"taxonomy":"product_tag","embeddable":true,"href":"https:\/\/escuela.9ideas.net\/index.php?rest_route=%2Fwp%2Fv2%2Fproduct_tag&post=105193"}],"curies":[{"name":"wp","href":"https:\/\/api.w.org\/{rel}","templated":true}]}}