{"id":105311,"date":"2025-03-21T13:14:43","date_gmt":"2025-03-21T13:14:43","guid":{"rendered":"https:\/\/escuela.9ideas.net\/?post_type=product&#038;p=105311"},"modified":"2025-03-21T13:14:43","modified_gmt":"2025-03-21T13:14:43","slug":"google-ads-desde-cero","status":"publish","type":"product","link":"https:\/\/escuela.9ideas.net\/?product=google-ads-desde-cero","title":{"rendered":"Google Ads desde Cero"},"content":{"rendered":"<p>Con este curso aprender\u00e1s a utilizar la plataforma de publicidad en l\u00ednea de Google de manera efectiva. Incluye temas clave como la creaci\u00f3n y configuraci\u00f3n de campa\u00f1as, la investigaci\u00f3n de palabras clave y anuncios, la selecci\u00f3n de audiencias y ubicaciones, la optimizaci\u00f3n de campa\u00f1as y el seguimiento y medici\u00f3n del rendimiento.<\/p>\n","protected":false},"excerpt":{"rendered":"<p>El curso de Google Ads es una formaci\u00f3n completa dise\u00f1ada para que los estudiantes aprendan a utilizar la plataforma de publicidad<br \/>\nen l\u00ednea de Google de manera efectiva.<br \/>\nA trav\u00e9s de cuatro m\u00f3dulos, se abarcan temas clave como la creaci\u00f3n y configuraci\u00f3n de campa\u00f1as, la investigaci\u00f3n de<br \/>\npalabras clave y anuncios, la selecci\u00f3n de audiencias y ubicaciones, la optimizaci\u00f3n de campa\u00f1as y el seguimiento y medici\u00f3n del<br \/>\nrendimiento.<\/p>\n<p>Los estudiantes tambi\u00e9n aprenden a utilizar herramientas como Tag Manager y Google Analytics para mejorar el \u00e9xito de sus<br \/>\ncampa\u00f1as publicitarias. En general, este curso es una excelente opci\u00f3n para aquellos que desean adquirir habilidades pr\u00e1cticas y<br \/>\nconocimientos te\u00f3ricos sobre c\u00f3mo crear y ejecutar campa\u00f1as publicitarias en l\u00ednea en Google Ads.<\/p>\n","protected":false},"featured_media":33482,"template":"","meta":{"om_disable_all_campaigns":false,"_monsterinsights_skip_tracking":false,"_monsterinsights_sitenote_active":false,"_monsterinsights_sitenote_note":"","_monsterinsights_sitenote_category":0,"site-sidebar-layout":"default","site-content-layout":"","ast-site-content-layout":"default","site-content-style":"default","site-sidebar-style":"default","ast-global-header-display":"","ast-banner-title-visibility":"","ast-main-header-display":"","ast-hfb-above-header-display":"","ast-hfb-below-header-display":"","ast-hfb-mobile-header-display":"","site-post-title":"","ast-breadcrumbs-content":"","ast-featured-img":"","footer-sml-layout":"","ast-disable-related-posts":"","theme-transparent-header-meta":"default","adv-header-id-meta":"","stick-header-meta":"default","header-above-stick-meta":"","header-main-stick-meta":"","header-below-stick-meta":"","astra-migrate-meta-layouts":"set","ast-page-background-enabled":"default","ast-page-background-meta":{"desktop":{"background-color":"","background-image":"","background-repeat":"repeat","background-position":"center center","background-size":"auto","background-attachment":"scroll","background-type":"","background-media":"","overlay-type":"","overlay-color":"","overlay-opacity":"","overlay-gradient":""},"tablet":{"background-color":"","background-image":"","background-repeat":"repeat","background-position":"center center","background-size":"auto","background-attachment":"scroll","background-type":"","background-media":"","overlay-type":"","overlay-color":"","overlay-opacity":"","overlay-gradient":""},"mobile":{"background-color":"","background-image":"","background-repeat":"repeat","background-position":"center center","background-size":"auto","background-attachment":"scroll","background-type":"","background-media":"","overlay-type":"","overlay-color":"","overlay-opacity":"","overlay-gradient":""}},"ast-content-background-meta":{"desktop":{"background-color":"var(--ast-global-color-5)","background-image":"","background-repeat":"repeat","background-position":"center center","background-size":"auto","background-attachment":"scroll","background-type":"","background-media":"","overlay-type":"","overlay-color":"","overlay-opacity":"","overlay-gradient":""},"tablet":{"background-color":"var(--ast-global-color-5)","background-image":"","background-repeat":"repeat","background-position":"center center","background-size":"auto","background-attachment":"scroll","background-type":"","background-media":"","overlay-type":"","overlay-color":"","overlay-opacity":"","overlay-gradient":""},"mobile":{"background-color":"var(--ast-global-color-5)","background-image":"","background-repeat":"repeat","background-position":"center center","background-size":"auto","background-attachment":"scroll","background-type":"","background-media":"","overlay-type":"","overlay-color":"","overlay-opacity":"","overlay-gradient":""}}},"product_brand":[],"product_cat":[52,49,54],"product_tag":[],"class_list":{"0":"post-105311","1":"product","2":"type-product","3":"status-publish","4":"has-post-thumbnail","6":"product_cat-contenidos","7":"product_cat-marketing","8":"product_cat-ventas","9":"desktop-align-left","10":"tablet-align-left","11":"mobile-align-left","12":"ast-product-gallery-layout-horizontal-slider","13":"ast-product-gallery-with-no-image","14":"ast-magnify-disabled","15":"ast-product-tabs-layout-horizontal","17":"first","18":"instock","19":"virtual","20":"sold-individually","21":"purchasable","22":"product-type-course"},"aioseo_notices":[],"_links":{"self":[{"href":"https:\/\/escuela.9ideas.net\/index.php?rest_route=\/wp\/v2\/product\/105311","targetHints":{"allow":["GET"]}}],"collection":[{"href":"https:\/\/escuela.9ideas.net\/index.php?rest_route=\/wp\/v2\/product"}],"about":[{"href":"https:\/\/escuela.9ideas.net\/index.php?rest_route=\/wp\/v2\/types\/product"}],"wp:featuredmedia":[{"embeddable":true,"href":"https:\/\/escuela.9ideas.net\/index.php?rest_route=\/wp\/v2\/media\/33482"}],"wp:attachment":[{"href":"https:\/\/escuela.9ideas.net\/index.php?rest_route=%2Fwp%2Fv2%2Fmedia&parent=105311"}],"wp:term":[{"taxonomy":"product_brand","embeddable":true,"href":"https:\/\/escuela.9ideas.net\/index.php?rest_route=%2Fwp%2Fv2%2Fproduct_brand&post=105311"},{"taxonomy":"product_cat","embeddable":true,"href":"https:\/\/escuela.9ideas.net\/index.php?rest_route=%2Fwp%2Fv2%2Fproduct_cat&post=105311"},{"taxonomy":"product_tag","embeddable":true,"href":"https:\/\/escuela.9ideas.net\/index.php?rest_route=%2Fwp%2Fv2%2Fproduct_tag&post=105311"}],"curies":[{"name":"wp","href":"https:\/\/api.w.org\/{rel}","templated":true}]}}