{"id":105349,"date":"2025-03-21T13:52:53","date_gmt":"2025-03-21T13:52:53","guid":{"rendered":"https:\/\/escuela.9ideas.net\/?post_type=product&#038;p=105349"},"modified":"2025-03-21T13:52:53","modified_gmt":"2025-03-21T13:52:53","slug":"community-manager","status":"publish","type":"product","link":"https:\/\/escuela.9ideas.net\/?product=community-manager","title":{"rendered":"Community Manager"},"content":{"rendered":"<p><span class=\"OYPEnA text-decoration-none text-strikethrough-none\">En este curso aprender\u00e1s las herramientas indiscipensables para poder desempe\u00f1arte como un CM profesional. Adquirir\u00e1s las habilidades de comunicaci\u00f3n y t\u00e9cnicas para convertirte en un profesional de las redes sociales.<\/span><\/p>\n","protected":false},"excerpt":{"rendered":"<p>El curso Community Manager de 9 Ideas te brinda las herramientas clave para gestionar redes sociales de manera<br \/>\nprofesional. Aprender\u00e1s a optimizar perfiles, crear contenido estrat\u00e9gico, analizar m\u00e9tricas y manejar clientes en plataformas como Instagram, TikTok, Facebook y Twitter (X).<\/p>\n<p><strong>Al finalizar el curso los participantes podr\u00e1n:<\/strong><\/p>\n<ul>\n<li>Gesti\u00f3n profesional de redes sociales: Sabr\u00e1 optimizar perfiles, automatizar respuestas y utilizar herramientas clave para<br \/>\npotenciar la presencia digital de marcas y emprendimientos.<\/li>\n<li>Estrategias de contenido y planificaci\u00f3n: Aprender\u00e1 a crear planes de acci\u00f3n seg\u00fan el rubro, desarrollar contenido atractivo<br \/>\ny utilizar plataformas como Instagram, TikTok, Facebook y Twitter (X).<\/li>\n<li>Manejo de clientes y presupuestos: Obtendr\u00e1 conocimientos sobre contratos, presupuestaci\u00f3n y estrategias come<\/li>\n<\/ul>\n","protected":false},"featured_media":40088,"template":"","meta":{"om_disable_all_campaigns":false,"_monsterinsights_skip_tracking":false,"_monsterinsights_sitenote_active":false,"_monsterinsights_sitenote_note":"","_monsterinsights_sitenote_category":0,"site-sidebar-layout":"default","site-content-layout":"","ast-site-content-layout":"default","site-content-style":"default","site-sidebar-style":"default","ast-global-header-display":"","ast-banner-title-visibility":"","ast-main-header-display":"","ast-hfb-above-header-display":"","ast-hfb-below-header-display":"","ast-hfb-mobile-header-display":"","site-post-title":"","ast-breadcrumbs-content":"","ast-featured-img":"","footer-sml-layout":"","ast-disable-related-posts":"","theme-transparent-header-meta":"default","adv-header-id-meta":"","stick-header-meta":"default","header-above-stick-meta":"","header-main-stick-meta":"","header-below-stick-meta":"","astra-migrate-meta-layouts":"set","ast-page-background-enabled":"default","ast-page-background-meta":{"desktop":{"background-color":"","background-image":"","background-repeat":"repeat","background-position":"center center","background-size":"auto","background-attachment":"scroll","background-type":"","background-media":"","overlay-type":"","overlay-color":"","overlay-opacity":"","overlay-gradient":""},"tablet":{"background-color":"","background-image":"","background-repeat":"repeat","background-position":"center center","background-size":"auto","background-attachment":"scroll","background-type":"","background-media":"","overlay-type":"","overlay-color":"","overlay-opacity":"","overlay-gradient":""},"mobile":{"background-color":"","background-image":"","background-repeat":"repeat","background-position":"center center","background-size":"auto","background-attachment":"scroll","background-type":"","background-media":"","overlay-type":"","overlay-color":"","overlay-opacity":"","overlay-gradient":""}},"ast-content-background-meta":{"desktop":{"background-color":"var(--ast-global-color-5)","background-image":"","background-repeat":"repeat","background-position":"center center","background-size":"auto","background-attachment":"scroll","background-type":"","background-media":"","overlay-type":"","overlay-color":"","overlay-opacity":"","overlay-gradient":""},"tablet":{"background-color":"var(--ast-global-color-5)","background-image":"","background-repeat":"repeat","background-position":"center center","background-size":"auto","background-attachment":"scroll","background-type":"","background-media":"","overlay-type":"","overlay-color":"","overlay-opacity":"","overlay-gradient":""},"mobile":{"background-color":"var(--ast-global-color-5)","background-image":"","background-repeat":"repeat","background-position":"center center","background-size":"auto","background-attachment":"scroll","background-type":"","background-media":"","overlay-type":"","overlay-color":"","overlay-opacity":"","overlay-gradient":""}}},"product_brand":[],"product_cat":[52,57,49],"product_tag":[],"class_list":{"0":"post-105349","1":"product","2":"type-product","3":"status-publish","4":"has-post-thumbnail","6":"product_cat-contenidos","7":"product_cat-diseno","8":"product_cat-marketing","9":"desktop-align-left","10":"tablet-align-left","11":"mobile-align-left","12":"ast-product-gallery-layout-horizontal-slider","13":"ast-product-gallery-with-no-image","14":"ast-magnify-disabled","15":"ast-product-tabs-layout-horizontal","17":"first","18":"instock","19":"virtual","20":"sold-individually","21":"purchasable","22":"product-type-course"},"aioseo_notices":[],"_links":{"self":[{"href":"https:\/\/escuela.9ideas.net\/index.php?rest_route=\/wp\/v2\/product\/105349","targetHints":{"allow":["GET"]}}],"collection":[{"href":"https:\/\/escuela.9ideas.net\/index.php?rest_route=\/wp\/v2\/product"}],"about":[{"href":"https:\/\/escuela.9ideas.net\/index.php?rest_route=\/wp\/v2\/types\/product"}],"wp:featuredmedia":[{"embeddable":true,"href":"https:\/\/escuela.9ideas.net\/index.php?rest_route=\/wp\/v2\/media\/40088"}],"wp:attachment":[{"href":"https:\/\/escuela.9ideas.net\/index.php?rest_route=%2Fwp%2Fv2%2Fmedia&parent=105349"}],"wp:term":[{"taxonomy":"product_brand","embeddable":true,"href":"https:\/\/escuela.9ideas.net\/index.php?rest_route=%2Fwp%2Fv2%2Fproduct_brand&post=105349"},{"taxonomy":"product_cat","embeddable":true,"href":"https:\/\/escuela.9ideas.net\/index.php?rest_route=%2Fwp%2Fv2%2Fproduct_cat&post=105349"},{"taxonomy":"product_tag","embeddable":true,"href":"https:\/\/escuela.9ideas.net\/index.php?rest_route=%2Fwp%2Fv2%2Fproduct_tag&post=105349"}],"curies":[{"name":"wp","href":"https:\/\/api.w.org\/{rel}","templated":true}]}}