{"id":105360,"date":"2025-03-21T15:04:52","date_gmt":"2025-03-21T15:04:52","guid":{"rendered":"https:\/\/escuela.9ideas.net\/?post_type=product&#038;p=105360"},"modified":"2025-03-21T15:04:52","modified_gmt":"2025-03-21T15:04:52","slug":"inteligencia-artificial-para-estudiantes","status":"publish","type":"product","link":"https:\/\/escuela.9ideas.net\/?product=inteligencia-artificial-para-estudiantes","title":{"rendered":"Inteligencia Artificial para estudiantes"},"content":{"rendered":"<p><span class=\"OYPEnA text-decoration-none text-strikethrough-none\">En el desarrollo de este curso aprender\u00e1s de las multiples herramientas de la inteligencia artificial. Enfocada en el desarrollo de habilidades para estudiantes de cualquier area, que busquen potenciar su aprendizaje sirviendose de apoyo de las posibilidades que brinda la tecnolog\u00eda.<\/span><\/p>\n","protected":false},"excerpt":{"rendered":"<p>En el desarrollo de este curso aprender\u00e1s de las multiples herramientas de la inteligencia artificial. Enfocada en el desarrollo de habilidades para estudiantes de cualquier area, que busquen potenciar su aprendizaje sirviendose de apoyo de las posibilidades que brinda la tecnologia.<\/p>\n<p><strong>Al finalizar el curso los participantes podr\u00e1n:<\/strong><\/p>\n<ul>\n<li>Aplicar herramientas de IA en estudios: Los alumnos usar\u00e1n IA para mejorar su proceso de estudio y producci\u00f3n acad\u00e9mica.<\/li>\n<li>Optimizar redacci\u00f3n y presentaciones: Podr\u00e1n crear trabajos acad\u00e9micos m\u00e1s efectivos con IA.<\/li>\n<li>Generar res\u00famenes y presentaciones autom\u00e1ticas: Ser\u00e1n capaces de crear res\u00famenes y presentaciones autom\u00e1ticas precisas.<\/li>\n<li>Integrar \u00e9tica en uso de IA: Comprender\u00e1n y aplicar\u00e1n principios \u00e9ticos en el uso de IA.<\/li>\n<li>Optimizar b\u00fasqueda y gesti\u00f3n de informaci\u00f3n: Utilizar\u00e1n IA para buscar y gestionar informaci\u00f3n de forma m\u00e1s eficiente.<\/li>\n<\/ul>\n","protected":false},"featured_media":65548,"template":"","meta":{"om_disable_all_campaigns":false,"_monsterinsights_skip_tracking":false,"_monsterinsights_sitenote_active":false,"_monsterinsights_sitenote_note":"","_monsterinsights_sitenote_category":0,"site-sidebar-layout":"default","site-content-layout":"","ast-site-content-layout":"default","site-content-style":"default","site-sidebar-style":"default","ast-global-header-display":"","ast-banner-title-visibility":"","ast-main-header-display":"","ast-hfb-above-header-display":"","ast-hfb-below-header-display":"","ast-hfb-mobile-header-display":"","site-post-title":"","ast-breadcrumbs-content":"","ast-featured-img":"","footer-sml-layout":"","ast-disable-related-posts":"","theme-transparent-header-meta":"default","adv-header-id-meta":"","stick-header-meta":"default","header-above-stick-meta":"","header-main-stick-meta":"","header-below-stick-meta":"","astra-migrate-meta-layouts":"set","ast-page-background-enabled":"default","ast-page-background-meta":{"desktop":{"background-color":"","background-image":"","background-repeat":"repeat","background-position":"center center","background-size":"auto","background-attachment":"scroll","background-type":"","background-media":"","overlay-type":"","overlay-color":"","overlay-opacity":"","overlay-gradient":""},"tablet":{"background-color":"","background-image":"","background-repeat":"repeat","background-position":"center center","background-size":"auto","background-attachment":"scroll","background-type":"","background-media":"","overlay-type":"","overlay-color":"","overlay-opacity":"","overlay-gradient":""},"mobile":{"background-color":"","background-image":"","background-repeat":"repeat","background-position":"center center","background-size":"auto","background-attachment":"scroll","background-type":"","background-media":"","overlay-type":"","overlay-color":"","overlay-opacity":"","overlay-gradient":""}},"ast-content-background-meta":{"desktop":{"background-color":"var(--ast-global-color-5)","background-image":"","background-repeat":"repeat","background-position":"center center","background-size":"auto","background-attachment":"scroll","background-type":"","background-media":"","overlay-type":"","overlay-color":"","overlay-opacity":"","overlay-gradient":""},"tablet":{"background-color":"var(--ast-global-color-5)","background-image":"","background-repeat":"repeat","background-position":"center center","background-size":"auto","background-attachment":"scroll","background-type":"","background-media":"","overlay-type":"","overlay-color":"","overlay-opacity":"","overlay-gradient":""},"mobile":{"background-color":"var(--ast-global-color-5)","background-image":"","background-repeat":"repeat","background-position":"center center","background-size":"auto","background-attachment":"scroll","background-type":"","background-media":"","overlay-type":"","overlay-color":"","overlay-opacity":"","overlay-gradient":""}}},"product_brand":[],"product_cat":[56],"product_tag":[],"class_list":{"0":"post-105360","1":"product","2":"type-product","3":"status-publish","4":"has-post-thumbnail","6":"product_cat-inteligencia-artificial","7":"desktop-align-left","8":"tablet-align-left","9":"mobile-align-left","10":"ast-product-gallery-layout-horizontal-slider","11":"ast-product-gallery-with-no-image","12":"ast-magnify-disabled","13":"ast-product-tabs-layout-horizontal","15":"first","16":"instock","17":"virtual","18":"sold-individually","19":"purchasable","20":"product-type-course"},"aioseo_notices":[],"_links":{"self":[{"href":"https:\/\/escuela.9ideas.net\/index.php?rest_route=\/wp\/v2\/product\/105360","targetHints":{"allow":["GET"]}}],"collection":[{"href":"https:\/\/escuela.9ideas.net\/index.php?rest_route=\/wp\/v2\/product"}],"about":[{"href":"https:\/\/escuela.9ideas.net\/index.php?rest_route=\/wp\/v2\/types\/product"}],"wp:featuredmedia":[{"embeddable":true,"href":"https:\/\/escuela.9ideas.net\/index.php?rest_route=\/wp\/v2\/media\/65548"}],"wp:attachment":[{"href":"https:\/\/escuela.9ideas.net\/index.php?rest_route=%2Fwp%2Fv2%2Fmedia&parent=105360"}],"wp:term":[{"taxonomy":"product_brand","embeddable":true,"href":"https:\/\/escuela.9ideas.net\/index.php?rest_route=%2Fwp%2Fv2%2Fproduct_brand&post=105360"},{"taxonomy":"product_cat","embeddable":true,"href":"https:\/\/escuela.9ideas.net\/index.php?rest_route=%2Fwp%2Fv2%2Fproduct_cat&post=105360"},{"taxonomy":"product_tag","embeddable":true,"href":"https:\/\/escuela.9ideas.net\/index.php?rest_route=%2Fwp%2Fv2%2Fproduct_tag&post=105360"}],"curies":[{"name":"wp","href":"https:\/\/api.w.org\/{rel}","templated":true}]}}